{"id":2736,"date":"2024-02-29T15:44:21","date_gmt":"2024-02-29T20:44:21","guid":{"rendered":"https:\/\/foreverfutbol.com.ec\/radio\/?page_id=2736"},"modified":"2025-07-29T13:57:34","modified_gmt":"2025-07-29T18:57:34","slug":"informativo-forever","status":"publish","type":"page","link":"https:\/\/foreverfutbol.com.ec\/radio\/informativo-forever\/","title":{"rendered":"Informativo Forever"},"content":{"rendered":"<h2>Informativo Forever<\/h2>\n<p>Forever es tu espacio informativo confiable, donde la verdad y la actualidad se encuentran.<br data-start=\"149\" data-end=\"152\" \/>Cubrimos las noticias m\u00e1s relevantes con objetividad y compromiso.<br data-start=\"218\" data-end=\"221\" data-is-only-node=\"\" \/>Mantente siempre informado con nosotros, est\u00e9s donde est\u00e9s<\/p>\n<ul>\n<li>\n\t\t\t\t\t\t\t<svg aria-hidden=\"true\" viewBox=\"0 0 512 512\" xmlns=\"http:\/\/www.w3.org\/2000\/svg\"><path d=\"M256 8C119 8 8 119 8 256s111 248 248 248 248-111 248-248S393 8 256 8zm0 448c-110.5 0-200-89.5-200-200S145.5 56 256 56s200 89.5 200 200-89.5 200-200 200zm61.8-104.4l-84.9-61.7c-3.1-2.3-4.9-5.9-4.9-9.7V116c0-6.6 5.4-12 12-12h32c6.6 0 12 5.4 12 12v141.7l66.8 48.6c5.4 3.9 6.5 11.4 2.6 16.8L334.6 349c-3.9 5.3-11.4 6.5-16.8 2.6z\"><\/path><\/svg><br \/>\n\t\t\t\t\t\t\t\t\t\tDe Lunes a Viernes 06:00 a 09:15\n\t\t\t\t\t\t\t\t\t<\/li>\n<\/ul>\n<p>\t\t\t\t\t<a href=\"#\"><br \/>\n\t\t\t\t<svg aria-hidden=\"true\" viewBox=\"0 0 576 512\" xmlns=\"http:\/\/www.w3.org\/2000\/svg\"><path d=\"M549.655 124.083c-6.281-23.65-24.787-42.276-48.284-48.597C458.781 64 288 64 288 64S117.22 64 74.629 75.486c-23.497 6.322-42.003 24.947-48.284 48.597-11.412 42.867-11.412 132.305-11.412 132.305s0 89.438 11.412 132.305c6.281 23.65 24.787 41.5 48.284 47.821C117.22 448 288 448 288 448s170.78 0 213.371-11.486c23.497-6.321 42.003-24.171 48.284-47.821 11.412-42.867 11.412-132.305 11.412-132.305s0-89.438-11.412-132.305zm-317.51 213.508V175.185l142.739 81.205-142.739 81.201z\"><\/path><\/svg><br \/>\n\t\t\t\t\t\t\t\t\tver programa en linea<br \/>\n\t\t\t\t\t<\/a><br \/>\n\t\t\t\t\t<a href=\"#\"><br \/>\n\t\t\t\t<svg aria-hidden=\"true\" viewBox=\"0 0 384 512\" xmlns=\"http:\/\/www.w3.org\/2000\/svg\"><path d=\"M369.9 97.9L286 14C277 5 264.8-.1 252.1-.1H48C21.5 0 0 21.5 0 48v416c0 26.5 21.5 48 48 48h288c26.5 0 48-21.5 48-48V131.9c0-12.7-5.1-25-14.1-34zM332.1 128H256V51.9l76.1 76.1zM48 464V48h160v104c0 13.3 10.7 24 24 24h104v288H48zm250.2-143.7c-12.2-12-47-8.7-64.4-6.5-17.2-10.5-28.7-25-36.8-46.3 3.9-16.1 10.1-40.6 5.4-56-4.2-26.2-37.8-23.6-42.6-5.9-4.4 16.1-.4 38.5 7 67.1-10 23.9-24.9 56-35.4 74.4-20 10.3-47 26.2-51 46.2-3.3 15.8 26 55.2 76.1-31.2 22.4-7.4 46.8-16.5 68.4-20.1 18.9 10.2 41 17 55.8 17 25.5 0 28-28.2 17.5-38.7zm-198.1 77.8c5.1-13.7 24.5-29.5 30.4-35-19 30.3-30.4 35.7-30.4 35zm81.6-190.6c7.4 0 6.7 32.1 1.8 40.8-4.4-13.9-4.3-40.8-1.8-40.8zm-24.4 136.6c9.7-16.9 18-37 24.7-54.7 8.3 15.1 18.9 27.2 30.1 35.5-20.8 4.3-38.9 13.1-54.8 19.2zm131.6-5s-5 6-37.3-7.8c35.1-2.6 40.9 5.4 37.3 7.8z\"><\/path><\/svg><br \/>\n\t\t\t\t\t\t\t\t\tDescargar Presentaci\u00f3n<br \/>\n\t\t\t\t\t<\/a><\/p>\n","protected":false},"excerpt":{"rendered":"<p>Informativo Forever Forever es tu espacio informativo confiable, donde la verdad y la actualidad se encuentran.Cubrimos las noticias m\u00e1s relevantes con objetividad y compromiso.Mantente siempre informado con nosotros, est\u00e9s donde est\u00e9s De Lunes a Viernes 06:00 a 09:15 ver programa en linea Descargar Presentaci\u00f3n<\/p>\n","protected":false},"author":1,"featured_media":0,"parent":0,"menu_order":0,"comment_status":"closed","ping_status":"closed","template":"elementor_header_footer","meta":{"footnotes":""},"class_list":["post-2736","page","type-page","status-publish","hentry"],"yoast_head":"<!-- This site is optimized with the Yoast SEO plugin v27.2 - https:\/\/yoast.com\/product\/yoast-seo-wordpress\/ -->\n<title>Informativo Forever - 92.5 FOREVER Radio<\/title>\n<meta name=\"robots\" content=\"index, follow, max-snippet:-1, max-image-preview:large, max-video-preview:-1\" \/>\n<link rel=\"canonical\" href=\"https:\/\/foreverfutbol.com.ec\/radio\/informativo-forever\/\" \/>\n<meta property=\"og:locale\" content=\"es_ES\" \/>\n<meta property=\"og:type\" content=\"article\" \/>\n<meta property=\"og:title\" content=\"Informativo Forever - 92.5 FOREVER Radio\" \/>\n<meta property=\"og:description\" content=\"Informativo Forever Forever es tu espacio informativo confiable, donde la verdad y la actualidad se encuentran.Cubrimos las noticias m\u00e1s relevantes con objetividad y compromiso.Mantente siempre informado con nosotros, est\u00e9s donde est\u00e9s De Lunes a Viernes 06:00 a 09:15 ver programa en linea Descargar Presentaci\u00f3n\" \/>\n<meta property=\"og:url\" content=\"https:\/\/foreverfutbol.com.ec\/radio\/informativo-forever\/\" \/>\n<meta property=\"og:site_name\" content=\"92.5 FOREVER Radio\" \/>\n<meta property=\"article:publisher\" content=\"https:\/\/www.facebook.com\/profile.php?id=100063550693491\" \/>\n<meta property=\"article:modified_time\" content=\"2025-07-29T18:57:34+00:00\" \/>\n<meta name=\"twitter:card\" content=\"summary_large_image\" \/>\n<meta name=\"twitter:site\" content=\"@925forever\" \/>\n<meta name=\"twitter:label1\" content=\"Tiempo de lectura\" \/>\n\t<meta name=\"twitter:data1\" content=\"1 minuto\" \/>\n<script type=\"application\/ld+json\" class=\"yoast-schema-graph\">{\"@context\":\"https:\/\/schema.org\",\"@graph\":[{\"@type\":\"WebPage\",\"@id\":\"https:\/\/foreverfutbol.com.ec\/radio\/informativo-forever\/\",\"url\":\"https:\/\/foreverfutbol.com.ec\/radio\/informativo-forever\/\",\"name\":\"Informativo Forever - 92.5 FOREVER Radio\",\"isPartOf\":{\"@id\":\"https:\/\/foreverfutbol.com.ec\/radio\/#website\"},\"datePublished\":\"2024-02-29T20:44:21+00:00\",\"dateModified\":\"2025-07-29T18:57:34+00:00\",\"breadcrumb\":{\"@id\":\"https:\/\/foreverfutbol.com.ec\/radio\/informativo-forever\/#breadcrumb\"},\"inLanguage\":\"es\",\"potentialAction\":[{\"@type\":\"ReadAction\",\"target\":[\"https:\/\/foreverfutbol.com.ec\/radio\/informativo-forever\/\"]}]},{\"@type\":\"BreadcrumbList\",\"@id\":\"https:\/\/foreverfutbol.com.ec\/radio\/informativo-forever\/#breadcrumb\",\"itemListElement\":[{\"@type\":\"ListItem\",\"position\":1,\"name\":\"Portada\",\"item\":\"https:\/\/foreverfutbol.com.ec\/radio\/\"},{\"@type\":\"ListItem\",\"position\":2,\"name\":\"Informativo Forever\"}]},{\"@type\":\"WebSite\",\"@id\":\"https:\/\/foreverfutbol.com.ec\/radio\/#website\",\"url\":\"https:\/\/foreverfutbol.com.ec\/radio\/\",\"name\":\"92.5 FOREVER Radio\",\"description\":\"\",\"publisher\":{\"@id\":\"https:\/\/foreverfutbol.com.ec\/radio\/#organization\"},\"potentialAction\":[{\"@type\":\"SearchAction\",\"target\":{\"@type\":\"EntryPoint\",\"urlTemplate\":\"https:\/\/foreverfutbol.com.ec\/radio\/?s={search_term_string}\"},\"query-input\":{\"@type\":\"PropertyValueSpecification\",\"valueRequired\":true,\"valueName\":\"search_term_string\"}}],\"inLanguage\":\"es\"},{\"@type\":\"Organization\",\"@id\":\"https:\/\/foreverfutbol.com.ec\/radio\/#organization\",\"name\":\"92.5 FOREVER Radio\",\"url\":\"https:\/\/foreverfutbol.com.ec\/radio\/\",\"logo\":{\"@type\":\"ImageObject\",\"inLanguage\":\"es\",\"@id\":\"https:\/\/foreverfutbol.com.ec\/radio\/#\/schema\/logo\/image\/\",\"url\":\"https:\/\/foreverfutbol.com.ec\/radio\/wp-content\/uploads\/2024\/01\/cropped-logo-forever.png\",\"contentUrl\":\"https:\/\/foreverfutbol.com.ec\/radio\/wp-content\/uploads\/2024\/01\/cropped-logo-forever.png\",\"width\":180,\"height\":154,\"caption\":\"92.5 FOREVER Radio\"},\"image\":{\"@id\":\"https:\/\/foreverfutbol.com.ec\/radio\/#\/schema\/logo\/image\/\"},\"sameAs\":[\"https:\/\/www.facebook.com\/profile.php?id=100063550693491\",\"https:\/\/x.com\/925forever\",\"https:\/\/www.instagram.com\/radioforever925\/\"]}]}<\/script>\n<!-- \/ Yoast SEO plugin. -->","yoast_head_json":{"title":"Informativo Forever - 92.5 FOREVER Radio","robots":{"index":"index","follow":"follow","max-snippet":"max-snippet:-1","max-image-preview":"max-image-preview:large","max-video-preview":"max-video-preview:-1"},"canonical":"https:\/\/foreverfutbol.com.ec\/radio\/informativo-forever\/","og_locale":"es_ES","og_type":"article","og_title":"Informativo Forever - 92.5 FOREVER Radio","og_description":"Informativo Forever Forever es tu espacio informativo confiable, donde la verdad y la actualidad se encuentran.Cubrimos las noticias m\u00e1s relevantes con objetividad y compromiso.Mantente siempre informado con nosotros, est\u00e9s donde est\u00e9s De Lunes a Viernes 06:00 a 09:15 ver programa en linea Descargar Presentaci\u00f3n","og_url":"https:\/\/foreverfutbol.com.ec\/radio\/informativo-forever\/","og_site_name":"92.5 FOREVER Radio","article_publisher":"https:\/\/www.facebook.com\/profile.php?id=100063550693491","article_modified_time":"2025-07-29T18:57:34+00:00","twitter_card":"summary_large_image","twitter_site":"@925forever","twitter_misc":{"Tiempo de lectura":"1 minuto"},"schema":{"@context":"https:\/\/schema.org","@graph":[{"@type":"WebPage","@id":"https:\/\/foreverfutbol.com.ec\/radio\/informativo-forever\/","url":"https:\/\/foreverfutbol.com.ec\/radio\/informativo-forever\/","name":"Informativo Forever - 92.5 FOREVER Radio","isPartOf":{"@id":"https:\/\/foreverfutbol.com.ec\/radio\/#website"},"datePublished":"2024-02-29T20:44:21+00:00","dateModified":"2025-07-29T18:57:34+00:00","breadcrumb":{"@id":"https:\/\/foreverfutbol.com.ec\/radio\/informativo-forever\/#breadcrumb"},"inLanguage":"es","potentialAction":[{"@type":"ReadAction","target":["https:\/\/foreverfutbol.com.ec\/radio\/informativo-forever\/"]}]},{"@type":"BreadcrumbList","@id":"https:\/\/foreverfutbol.com.ec\/radio\/informativo-forever\/#breadcrumb","itemListElement":[{"@type":"ListItem","position":1,"name":"Portada","item":"https:\/\/foreverfutbol.com.ec\/radio\/"},{"@type":"ListItem","position":2,"name":"Informativo Forever"}]},{"@type":"WebSite","@id":"https:\/\/foreverfutbol.com.ec\/radio\/#website","url":"https:\/\/foreverfutbol.com.ec\/radio\/","name":"92.5 FOREVER Radio","description":"","publisher":{"@id":"https:\/\/foreverfutbol.com.ec\/radio\/#organization"},"potentialAction":[{"@type":"SearchAction","target":{"@type":"EntryPoint","urlTemplate":"https:\/\/foreverfutbol.com.ec\/radio\/?s={search_term_string}"},"query-input":{"@type":"PropertyValueSpecification","valueRequired":true,"valueName":"search_term_string"}}],"inLanguage":"es"},{"@type":"Organization","@id":"https:\/\/foreverfutbol.com.ec\/radio\/#organization","name":"92.5 FOREVER Radio","url":"https:\/\/foreverfutbol.com.ec\/radio\/","logo":{"@type":"ImageObject","inLanguage":"es","@id":"https:\/\/foreverfutbol.com.ec\/radio\/#\/schema\/logo\/image\/","url":"https:\/\/foreverfutbol.com.ec\/radio\/wp-content\/uploads\/2024\/01\/cropped-logo-forever.png","contentUrl":"https:\/\/foreverfutbol.com.ec\/radio\/wp-content\/uploads\/2024\/01\/cropped-logo-forever.png","width":180,"height":154,"caption":"92.5 FOREVER Radio"},"image":{"@id":"https:\/\/foreverfutbol.com.ec\/radio\/#\/schema\/logo\/image\/"},"sameAs":["https:\/\/www.facebook.com\/profile.php?id=100063550693491","https:\/\/x.com\/925forever","https:\/\/www.instagram.com\/radioforever925\/"]}]}},"_links":{"self":[{"href":"https:\/\/foreverfutbol.com.ec\/radio\/wp-json\/wp\/v2\/pages\/2736","targetHints":{"allow":["GET"]}}],"collection":[{"href":"https:\/\/foreverfutbol.com.ec\/radio\/wp-json\/wp\/v2\/pages"}],"about":[{"href":"https:\/\/foreverfutbol.com.ec\/radio\/wp-json\/wp\/v2\/types\/page"}],"author":[{"embeddable":true,"href":"https:\/\/foreverfutbol.com.ec\/radio\/wp-json\/wp\/v2\/users\/1"}],"replies":[{"embeddable":true,"href":"https:\/\/foreverfutbol.com.ec\/radio\/wp-json\/wp\/v2\/comments?post=2736"}],"version-history":[{"count":118,"href":"https:\/\/foreverfutbol.com.ec\/radio\/wp-json\/wp\/v2\/pages\/2736\/revisions"}],"predecessor-version":[{"id":18944,"href":"https:\/\/foreverfutbol.com.ec\/radio\/wp-json\/wp\/v2\/pages\/2736\/revisions\/18944"}],"wp:attachment":[{"href":"https:\/\/foreverfutbol.com.ec\/radio\/wp-json\/wp\/v2\/media?parent=2736"}],"curies":[{"name":"wp","href":"https:\/\/api.w.org\/{rel}","templated":true}]}}