{"id":1071,"date":"2022-07-31T15:34:10","date_gmt":"2022-07-31T15:34:10","guid":{"rendered":"https:\/\/itcroctheme.com\/wp\/demos\/themes\/benqu\/?page_id=1071"},"modified":"2025-03-07T12:43:49","modified_gmt":"2025-03-07T17:43:49","slug":"quienes-somos","status":"publish","type":"page","link":"https:\/\/foreverfutbol.com.ec\/radio\/quienes-somos\/","title":{"rendered":"Qui\u00e9nes somos"},"content":{"rendered":"<ol>\n<li><a href=\"https:\/\/foreverfutbol.com.ec\/radio\">Home<\/a><\/li>\n<\/ol>\n<p>\t\t\t\t\t\t\t\t\t\t\t\t\t\t\t<img loading=\"lazy\" decoding=\"async\" width=\"895\" height=\"199\" src=\"https:\/\/foreverfutbol.com.ec\/radio\/wp-content\/uploads\/2025\/03\/rf_logo_blanco-1.png\" alt=\"\" srcset=\"https:\/\/foreverfutbol.com.ec\/radio\/wp-content\/uploads\/2025\/03\/rf_logo_blanco-1.png 895w, https:\/\/foreverfutbol.com.ec\/radio\/wp-content\/uploads\/2025\/03\/rf_logo_blanco-1-768x171.png 768w\" sizes=\"auto, (max-width: 895px) 100vw, 895px\" \/>\t\t\t\t\t\t\t\t\t\t\t\t\t\t\t<\/p>\n<h2>Qui\u00e9nes\u200b somos<\/h2>\n<p>\t\tRadio Forever Music 92.5 FM sali\u00f3 al aire el 27 de Noviembre de 1995 en la ciudad de Guayaquil. Desde esa fecha hasta la actualidad, gracias al apoyo de la ciudadan\u00eda, radioescuchas, clientes y agencias de publicidad, hemos logrado hacer de Forever Music \u00abLa Radio\u00bb y posicionarla como una de las m\u00e1s importantes de Guayaquil y del territorio ecuatoriano. Nuestro formato de m\u00fasica exclusiva, bien combinada en varios idiomas es lo que hace a Forever Music tan especial y diferente, porque \u00ablo dif\u00edcil no es combinar m\u00fasica; sino saberlo hacer con talento, a fin de explotar la belleza de cada canci\u00f3n\u00bb. En nuestra programaci\u00f3n general contamos con magazines informativos, culturales, musicales y deportivos que son matizados con m\u00fasica y dirigidas por locutores de las m\u00e1s alta calidad. Nuestra cobertura alcanza a las Provinvias del Guayas y Santa Elena, as\u00ed como sus alrededores. Sea usted bienvenido a esta familia s\u00f3lida y trabajadora; que seguira adelante con su contribuci\u00f3n, para ser los referentes de la cultura musical e informativa con calidad, seriedad y responsabilidad. Teniendo como m\u00e1ximo objetivo el construir un Ecuador mejor.\t\t<\/p>\n<h3>Misi\u00f3n<\/h3>\n<p>\t\tLiderar en la programaci\u00f3n musical y noticiosa; para desarrollar una imagen sobria y de alta categor\u00eda entre nuestros oyentes l\u00edderes de opini\u00f3n.<\/p>\n<h3>Visi\u00f3n <\/h3>\n<p>\t\tSer los referentes de la cultura musical e informativa con calidad, seriedad y responsabilidad para construir un mejor Ecuador.<\/p>\n","protected":false},"excerpt":{"rendered":"<p>Home Qui\u00e9nes\u200b somos Radio Forever Music 92.5 FM sali\u00f3 al aire el 27 de Noviembre de 1995 en la ciudad de Guayaquil. Desde esa fecha hasta la actualidad, gracias al apoyo de la ciudadan\u00eda, radioescuchas, clientes y agencias de publicidad, hemos logrado hacer de Forever Music \u00abLa Radio\u00bb y posicionarla como una de las m\u00e1s [&hellip;]<\/p>\n","protected":false},"author":1,"featured_media":0,"parent":0,"menu_order":0,"comment_status":"closed","ping_status":"closed","template":"elementor-template.php","meta":{"footnotes":""},"class_list":["post-1071","page","type-page","status-publish","hentry"],"yoast_head":"<!-- This site is optimized with the Yoast SEO plugin v27.2 - https:\/\/yoast.com\/product\/yoast-seo-wordpress\/ -->\n<title>Qui\u00e9nes somos - 92.5 FOREVER Radio<\/title>\n<meta name=\"robots\" content=\"index, follow, max-snippet:-1, max-image-preview:large, max-video-preview:-1\" \/>\n<link rel=\"canonical\" href=\"https:\/\/foreverfutbol.com.ec\/radio\/quienes-somos\/\" \/>\n<meta property=\"og:locale\" content=\"es_ES\" \/>\n<meta property=\"og:type\" content=\"article\" \/>\n<meta property=\"og:title\" content=\"Qui\u00e9nes somos - 92.5 FOREVER Radio\" \/>\n<meta property=\"og:description\" content=\"Home Qui\u00e9nes\u200b somos Radio Forever Music 92.5 FM sali\u00f3 al aire el 27 de Noviembre de 1995 en la ciudad de Guayaquil. Desde esa fecha hasta la actualidad, gracias al apoyo de la ciudadan\u00eda, radioescuchas, clientes y agencias de publicidad, hemos logrado hacer de Forever Music \u00abLa Radio\u00bb y posicionarla como una de las m\u00e1s [&hellip;]\" \/>\n<meta property=\"og:url\" content=\"https:\/\/foreverfutbol.com.ec\/radio\/quienes-somos\/\" \/>\n<meta property=\"og:site_name\" content=\"92.5 FOREVER Radio\" \/>\n<meta property=\"article:publisher\" content=\"https:\/\/www.facebook.com\/profile.php?id=100063550693491\" \/>\n<meta property=\"article:modified_time\" content=\"2025-03-07T17:43:49+00:00\" \/>\n<meta property=\"og:image\" content=\"https:\/\/foreverfutbol.com.ec\/radio\/wp-content\/uploads\/2025\/03\/rf_logo_blanco-1.png\" \/>\n<meta name=\"twitter:card\" content=\"summary_large_image\" \/>\n<meta name=\"twitter:site\" content=\"@925forever\" \/>\n<meta name=\"twitter:label1\" content=\"Tiempo de lectura\" \/>\n\t<meta name=\"twitter:data1\" content=\"2 minutos\" \/>\n<script type=\"application\/ld+json\" class=\"yoast-schema-graph\">{\"@context\":\"https:\/\/schema.org\",\"@graph\":[{\"@type\":\"WebPage\",\"@id\":\"https:\/\/foreverfutbol.com.ec\/radio\/quienes-somos\/\",\"url\":\"https:\/\/foreverfutbol.com.ec\/radio\/quienes-somos\/\",\"name\":\"Qui\u00e9nes somos - 92.5 FOREVER Radio\",\"isPartOf\":{\"@id\":\"https:\/\/foreverfutbol.com.ec\/radio\/#website\"},\"primaryImageOfPage\":{\"@id\":\"https:\/\/foreverfutbol.com.ec\/radio\/quienes-somos\/#primaryimage\"},\"image\":{\"@id\":\"https:\/\/foreverfutbol.com.ec\/radio\/quienes-somos\/#primaryimage\"},\"thumbnailUrl\":\"https:\/\/foreverfutbol.com.ec\/radio\/wp-content\/uploads\/2025\/03\/rf_logo_blanco-1.png\",\"datePublished\":\"2022-07-31T15:34:10+00:00\",\"dateModified\":\"2025-03-07T17:43:49+00:00\",\"breadcrumb\":{\"@id\":\"https:\/\/foreverfutbol.com.ec\/radio\/quienes-somos\/#breadcrumb\"},\"inLanguage\":\"es\",\"potentialAction\":[{\"@type\":\"ReadAction\",\"target\":[\"https:\/\/foreverfutbol.com.ec\/radio\/quienes-somos\/\"]}]},{\"@type\":\"ImageObject\",\"inLanguage\":\"es\",\"@id\":\"https:\/\/foreverfutbol.com.ec\/radio\/quienes-somos\/#primaryimage\",\"url\":\"https:\/\/foreverfutbol.com.ec\/radio\/wp-content\/uploads\/2025\/03\/rf_logo_blanco-1.png\",\"contentUrl\":\"https:\/\/foreverfutbol.com.ec\/radio\/wp-content\/uploads\/2025\/03\/rf_logo_blanco-1.png\",\"width\":895,\"height\":199},{\"@type\":\"BreadcrumbList\",\"@id\":\"https:\/\/foreverfutbol.com.ec\/radio\/quienes-somos\/#breadcrumb\",\"itemListElement\":[{\"@type\":\"ListItem\",\"position\":1,\"name\":\"Portada\",\"item\":\"https:\/\/foreverfutbol.com.ec\/radio\/\"},{\"@type\":\"ListItem\",\"position\":2,\"name\":\"Qui\u00e9nes somos\"}]},{\"@type\":\"WebSite\",\"@id\":\"https:\/\/foreverfutbol.com.ec\/radio\/#website\",\"url\":\"https:\/\/foreverfutbol.com.ec\/radio\/\",\"name\":\"92.5 FOREVER Radio\",\"description\":\"\",\"publisher\":{\"@id\":\"https:\/\/foreverfutbol.com.ec\/radio\/#organization\"},\"potentialAction\":[{\"@type\":\"SearchAction\",\"target\":{\"@type\":\"EntryPoint\",\"urlTemplate\":\"https:\/\/foreverfutbol.com.ec\/radio\/?s={search_term_string}\"},\"query-input\":{\"@type\":\"PropertyValueSpecification\",\"valueRequired\":true,\"valueName\":\"search_term_string\"}}],\"inLanguage\":\"es\"},{\"@type\":\"Organization\",\"@id\":\"https:\/\/foreverfutbol.com.ec\/radio\/#organization\",\"name\":\"92.5 FOREVER Radio\",\"url\":\"https:\/\/foreverfutbol.com.ec\/radio\/\",\"logo\":{\"@type\":\"ImageObject\",\"inLanguage\":\"es\",\"@id\":\"https:\/\/foreverfutbol.com.ec\/radio\/#\/schema\/logo\/image\/\",\"url\":\"https:\/\/foreverfutbol.com.ec\/radio\/wp-content\/uploads\/2024\/01\/cropped-logo-forever.png\",\"contentUrl\":\"https:\/\/foreverfutbol.com.ec\/radio\/wp-content\/uploads\/2024\/01\/cropped-logo-forever.png\",\"width\":180,\"height\":154,\"caption\":\"92.5 FOREVER Radio\"},\"image\":{\"@id\":\"https:\/\/foreverfutbol.com.ec\/radio\/#\/schema\/logo\/image\/\"},\"sameAs\":[\"https:\/\/www.facebook.com\/profile.php?id=100063550693491\",\"https:\/\/x.com\/925forever\",\"https:\/\/www.instagram.com\/radioforever925\/\"]}]}<\/script>\n<!-- \/ Yoast SEO plugin. -->","yoast_head_json":{"title":"Qui\u00e9nes somos - 92.5 FOREVER Radio","robots":{"index":"index","follow":"follow","max-snippet":"max-snippet:-1","max-image-preview":"max-image-preview:large","max-video-preview":"max-video-preview:-1"},"canonical":"https:\/\/foreverfutbol.com.ec\/radio\/quienes-somos\/","og_locale":"es_ES","og_type":"article","og_title":"Qui\u00e9nes somos - 92.5 FOREVER Radio","og_description":"Home Qui\u00e9nes\u200b somos Radio Forever Music 92.5 FM sali\u00f3 al aire el 27 de Noviembre de 1995 en la ciudad de Guayaquil. Desde esa fecha hasta la actualidad, gracias al apoyo de la ciudadan\u00eda, radioescuchas, clientes y agencias de publicidad, hemos logrado hacer de Forever Music \u00abLa Radio\u00bb y posicionarla como una de las m\u00e1s [&hellip;]","og_url":"https:\/\/foreverfutbol.com.ec\/radio\/quienes-somos\/","og_site_name":"92.5 FOREVER Radio","article_publisher":"https:\/\/www.facebook.com\/profile.php?id=100063550693491","article_modified_time":"2025-03-07T17:43:49+00:00","og_image":[{"url":"https:\/\/foreverfutbol.com.ec\/radio\/wp-content\/uploads\/2025\/03\/rf_logo_blanco-1.png","type":"","width":"","height":""}],"twitter_card":"summary_large_image","twitter_site":"@925forever","twitter_misc":{"Tiempo de lectura":"2 minutos"},"schema":{"@context":"https:\/\/schema.org","@graph":[{"@type":"WebPage","@id":"https:\/\/foreverfutbol.com.ec\/radio\/quienes-somos\/","url":"https:\/\/foreverfutbol.com.ec\/radio\/quienes-somos\/","name":"Qui\u00e9nes somos - 92.5 FOREVER Radio","isPartOf":{"@id":"https:\/\/foreverfutbol.com.ec\/radio\/#website"},"primaryImageOfPage":{"@id":"https:\/\/foreverfutbol.com.ec\/radio\/quienes-somos\/#primaryimage"},"image":{"@id":"https:\/\/foreverfutbol.com.ec\/radio\/quienes-somos\/#primaryimage"},"thumbnailUrl":"https:\/\/foreverfutbol.com.ec\/radio\/wp-content\/uploads\/2025\/03\/rf_logo_blanco-1.png","datePublished":"2022-07-31T15:34:10+00:00","dateModified":"2025-03-07T17:43:49+00:00","breadcrumb":{"@id":"https:\/\/foreverfutbol.com.ec\/radio\/quienes-somos\/#breadcrumb"},"inLanguage":"es","potentialAction":[{"@type":"ReadAction","target":["https:\/\/foreverfutbol.com.ec\/radio\/quienes-somos\/"]}]},{"@type":"ImageObject","inLanguage":"es","@id":"https:\/\/foreverfutbol.com.ec\/radio\/quienes-somos\/#primaryimage","url":"https:\/\/foreverfutbol.com.ec\/radio\/wp-content\/uploads\/2025\/03\/rf_logo_blanco-1.png","contentUrl":"https:\/\/foreverfutbol.com.ec\/radio\/wp-content\/uploads\/2025\/03\/rf_logo_blanco-1.png","width":895,"height":199},{"@type":"BreadcrumbList","@id":"https:\/\/foreverfutbol.com.ec\/radio\/quienes-somos\/#breadcrumb","itemListElement":[{"@type":"ListItem","position":1,"name":"Portada","item":"https:\/\/foreverfutbol.com.ec\/radio\/"},{"@type":"ListItem","position":2,"name":"Qui\u00e9nes somos"}]},{"@type":"WebSite","@id":"https:\/\/foreverfutbol.com.ec\/radio\/#website","url":"https:\/\/foreverfutbol.com.ec\/radio\/","name":"92.5 FOREVER Radio","description":"","publisher":{"@id":"https:\/\/foreverfutbol.com.ec\/radio\/#organization"},"potentialAction":[{"@type":"SearchAction","target":{"@type":"EntryPoint","urlTemplate":"https:\/\/foreverfutbol.com.ec\/radio\/?s={search_term_string}"},"query-input":{"@type":"PropertyValueSpecification","valueRequired":true,"valueName":"search_term_string"}}],"inLanguage":"es"},{"@type":"Organization","@id":"https:\/\/foreverfutbol.com.ec\/radio\/#organization","name":"92.5 FOREVER Radio","url":"https:\/\/foreverfutbol.com.ec\/radio\/","logo":{"@type":"ImageObject","inLanguage":"es","@id":"https:\/\/foreverfutbol.com.ec\/radio\/#\/schema\/logo\/image\/","url":"https:\/\/foreverfutbol.com.ec\/radio\/wp-content\/uploads\/2024\/01\/cropped-logo-forever.png","contentUrl":"https:\/\/foreverfutbol.com.ec\/radio\/wp-content\/uploads\/2024\/01\/cropped-logo-forever.png","width":180,"height":154,"caption":"92.5 FOREVER Radio"},"image":{"@id":"https:\/\/foreverfutbol.com.ec\/radio\/#\/schema\/logo\/image\/"},"sameAs":["https:\/\/www.facebook.com\/profile.php?id=100063550693491","https:\/\/x.com\/925forever","https:\/\/www.instagram.com\/radioforever925\/"]}]}},"_links":{"self":[{"href":"https:\/\/foreverfutbol.com.ec\/radio\/wp-json\/wp\/v2\/pages\/1071","targetHints":{"allow":["GET"]}}],"collection":[{"href":"https:\/\/foreverfutbol.com.ec\/radio\/wp-json\/wp\/v2\/pages"}],"about":[{"href":"https:\/\/foreverfutbol.com.ec\/radio\/wp-json\/wp\/v2\/types\/page"}],"author":[{"embeddable":true,"href":"https:\/\/foreverfutbol.com.ec\/radio\/wp-json\/wp\/v2\/users\/1"}],"replies":[{"embeddable":true,"href":"https:\/\/foreverfutbol.com.ec\/radio\/wp-json\/wp\/v2\/comments?post=1071"}],"version-history":[{"count":60,"href":"https:\/\/foreverfutbol.com.ec\/radio\/wp-json\/wp\/v2\/pages\/1071\/revisions"}],"predecessor-version":[{"id":10111,"href":"https:\/\/foreverfutbol.com.ec\/radio\/wp-json\/wp\/v2\/pages\/1071\/revisions\/10111"}],"wp:attachment":[{"href":"https:\/\/foreverfutbol.com.ec\/radio\/wp-json\/wp\/v2\/media?parent=1071"}],"curies":[{"name":"wp","href":"https:\/\/api.w.org\/{rel}","templated":true}]}}